{"id":106,"date":"2017-06-02T08:45:16","date_gmt":"2017-06-02T08:45:16","guid":{"rendered":"http:\/\/parroquiadelcarmenarrecife.org\/?page_id=106"},"modified":"2017-06-22T08:32:17","modified_gmt":"2017-06-22T08:32:17","slug":"preguntas-sobre-la-catequesis","status":"publish","type":"page","link":"http:\/\/parroquiadelcarmenarrecife.org\/?page_id=106","title":{"rendered":"PREGUNTAS SOBRE LA CATEQUESIS"},"content":{"rendered":"<p style=\"text-align: center;\"><span style=\"font-size: 14pt;\"><strong><span style=\"color: #0000ff;\"><img decoding=\"async\" loading=\"lazy\" class=\" wp-image-107 aligncenter\" src=\"http:\/\/parroquiadelcarmenarrecife.org\/wp-content\/uploads\/2017\/06\/PREGUNTAS-SOBRE-CATEQUESIS-300x231.gif\" alt=\"\" width=\"184\" height=\"142\" \/><\/span><\/strong><\/span><\/p>\n<p>&nbsp;<\/p>\n<p style=\"text-align: center;\"><span style=\"color: #0000ff; font-size: 14pt; font-family: arial, helvetica, sans-serif;\"><strong>1<\/strong><strong>.-Tengo un hijo y quiero apuntarlo a la catequesis, \u00bfqu\u00e9 tengo que hacer?<\/strong><\/span><\/p>\n<ul style=\"text-align: center;\">\n<li><span style=\"font-size: 14pt; font-family: arial, helvetica, sans-serif;\">Para apuntar a su hijo es necesario que tenga al menos 7 a\u00f1os o vaya a comenzar 2\u00ba de primaria en el colegio.<\/span><\/li>\n<li><span style=\"font-size: 14pt; font-family: arial, helvetica, sans-serif; color: #ff0000;\"><strong>La inscripci\u00f3n son los d\u00edas \u00a0en horario de despacho parroquial de 20 h. a 21 h. Deber\u00e1 de leer y cumplimentar una hoja de inscripci\u00f3n que se le entregar\u00e1.<\/strong><\/span><\/li>\n<li><span style=\"font-size: 14pt; font-family: arial, helvetica, sans-serif; color: #ff0000;\"><strong>Se les convocar\u00e1 a los padres a una reuni\u00f3n que se les indicar\u00e1 en Septiembre.<\/strong><\/span><\/li>\n<\/ul>\n<p style=\"text-align: center;\">\n<p style=\"text-align: center;\"><span style=\"color: #0000ff; font-size: 14pt; font-family: arial, helvetica, sans-serif;\"><strong>2<\/strong><strong>.-<\/strong><strong>El pasado curso como padre o madre asist\u00ed al DESPERTAR RELIGIOSO, Y ahora le toca al ni\u00f1o, \u00bftengo que volver a inscribirlo?<\/strong><\/span><\/p>\n<ul style=\"text-align: center;\">\n<li><span style=\"font-size: 14pt; font-family: arial, helvetica, sans-serif;\">No es necesario ya que contamos con los datos aportados por los catequistas.<\/span><\/li>\n<li><span style=\"font-size: 14pt; font-family: arial, helvetica, sans-serif; color: #ff0000;\"><strong>Se les convocara a los padres a una reuni\u00f3n en septiembre.<\/strong><\/span><\/li>\n<\/ul>\n<p style=\"text-align: center;\">\n<p style=\"text-align: center;\"><span style=\"color: #0000ff; font-size: 14pt; font-family: arial, helvetica, sans-serif;\"><strong>3.-<\/strong><strong>Este curso le toca ya el ni\u00f1o hacer la primera comuni\u00f3n, \u00bfcu\u00e1ndo empiezan?<\/strong><\/span><\/p>\n<ul style=\"text-align: center;\">\n<li><span style=\"font-size: 14pt; font-family: arial, helvetica, sans-serif;\">Los ni\u00f1os seguir\u00e1n con sus catequistas del pasado curso.<\/span><\/li>\n<li><span style=\"font-size: 14pt; font-family: arial, helvetica, sans-serif; color: #ff0000;\"><strong>Se les convocara a los padres a una reuni\u00f3n el d\u00eda 26 de septiembre a las 17:30 h.<\/strong><\/span><\/li>\n<\/ul>\n<p style=\"text-align: center;\">\n<p style=\"text-align: center;\"><span style=\"color: #0000ff; font-size: 14pt; font-family: arial, helvetica, sans-serif;\"><strong>4.-<\/strong><strong>El ni\u00f1o hizo ya la comuni\u00f3n y quiero que siga \u00bfqu\u00e9 debo hacer?<\/strong><\/span><\/p>\n<p style=\"text-align: center;\"><span style=\"font-size: 14pt; font-family: arial, helvetica, sans-serif;\"><strong>\u00a0<\/strong><\/span><\/p>\n<ul>\n<li style=\"text-align: center;\"><span style=\"font-size: 14pt; font-family: arial, helvetica, sans-serif; color: #ff0000;\"><strong>A partir del 3 de Octubre haremos la inscripci\u00f3n.<\/strong><\/span><\/li>\n<li style=\"text-align: center;\"><span style=\"font-size: 14pt; font-family: arial, helvetica, sans-serif;\"><strong>Dependiendo del n\u00famero se les convocar\u00e1 a una sesi\u00f3n informativa<\/strong><strong>.<\/strong><\/span><\/li>\n<\/ul>\n","protected":false},"excerpt":{"rendered":"<p>&nbsp; 1.-Tengo un hijo y quiero apuntarlo a la catequesis, \u00bfqu\u00e9 tengo que hacer? Para apuntar a su hijo es necesario que tenga al menos 7 a\u00f1os o vaya a comenzar 2\u00ba de primaria en el colegio. La inscripci\u00f3n son los d\u00edas \u00a0en horario de despacho parroquial de 20 h. a 21 h. Deber\u00e1 de &hellip; <\/p>\n<p class=\"link-more\"><a href=\"http:\/\/parroquiadelcarmenarrecife.org\/?page_id=106\" class=\"more-link\">Continuar leyendo<span class=\"screen-reader-text\"> &#8220;PREGUNTAS SOBRE LA CATEQUESIS&#8221;<\/span><\/a><\/p>\n","protected":false},"author":1,"featured_media":0,"parent":0,"menu_order":0,"comment_status":"closed","ping_status":"closed","template":"","meta":[],"_links":{"self":[{"href":"http:\/\/parroquiadelcarmenarrecife.org\/index.php?rest_route=\/wp\/v2\/pages\/106"}],"collection":[{"href":"http:\/\/parroquiadelcarmenarrecife.org\/index.php?rest_route=\/wp\/v2\/pages"}],"about":[{"href":"http:\/\/parroquiadelcarmenarrecife.org\/index.php?rest_route=\/wp\/v2\/types\/page"}],"author":[{"embeddable":true,"href":"http:\/\/parroquiadelcarmenarrecife.org\/index.php?rest_route=\/wp\/v2\/users\/1"}],"replies":[{"embeddable":true,"href":"http:\/\/parroquiadelcarmenarrecife.org\/index.php?rest_route=%2Fwp%2Fv2%2Fcomments&post=106"}],"version-history":[{"count":3,"href":"http:\/\/parroquiadelcarmenarrecife.org\/index.php?rest_route=\/wp\/v2\/pages\/106\/revisions"}],"predecessor-version":[{"id":227,"href":"http:\/\/parroquiadelcarmenarrecife.org\/index.php?rest_route=\/wp\/v2\/pages\/106\/revisions\/227"}],"wp:attachment":[{"href":"http:\/\/parroquiadelcarmenarrecife.org\/index.php?rest_route=%2Fwp%2Fv2%2Fmedia&parent=106"}],"curies":[{"name":"wp","href":"https:\/\/api.w.org\/{rel}","templated":true}]}}