{"id":199,"date":"2017-06-20T08:26:35","date_gmt":"2017-06-20T08:26:35","guid":{"rendered":"http:\/\/parroquiadelcarmenarrecife.org\/?page_id=199"},"modified":"2017-06-20T08:26:35","modified_gmt":"2017-06-20T08:26:35","slug":"economia","status":"publish","type":"page","link":"http:\/\/parroquiadelcarmenarrecife.org\/?page_id=199","title":{"rendered":"ECONOM\u00cdA"},"content":{"rendered":"<p style=\"text-align: center;\"><strong>ECONOM\u00cdA\u00a0 PARROQUIAL\u00a0 DE VALTERRA\u00a0\u00a0 -2016<\/strong><\/p>\n<p><strong>Estimado feligr\u00e9s<\/strong>,\u00a0 queremos hacerte part\u00edcipe de c\u00f3mo va la econom\u00eda de la parroquia para que sepas a qu\u00e9 se destina la aportaci\u00f3n que t\u00fa y todos entregamos, porque los \u00fanicos ingresos que tenemos es lo que libremente las personas dan en concepto de cepillo y donativos y Sacramentos ; y damos de lo que tenemos. Esto significa que las consecuencias de la crisis la sufrimos como todas las familias, y nos ajustamos a lo que hay para cubrir los gastos imprescindibles y la comuni\u00f3n de bienes.<\/p>\n<p>En el mes de <strong>Marzo<\/strong> se nos pide rendir cuentas de las cuentas de la Comunidad Parroquial y Diocesana. La transparencia ha de ser la norma de nuestra vida comunitaria.<\/p>\n<p>Nuestra Parroquia ingresa por las colectas de las Misas del Martes y Domingo.<\/p>\n<p><strong>La colecta del PRIMER DOMINGO<\/strong>\u00a0 est\u00e1 destinada a dar respuesta a las necesidades de las personas en situaci\u00f3n de dificultad a trav\u00e9s de C\u00e1ritas. La cantidad recaudada fue de 1910,40.- que fueron destinadas a C\u00e1ritas Arciprestal 1.138,25; C\u00e1ritas Diocesana 581,63; C\u00e1ritas Parroquial\u00a0 190,52.<\/p>\n<p>Algunos meses tenemos una <strong>COLECTA ESPECIAL<\/strong> por diversas causas de solidaridad, cuyos ingresos se remiten \u00edntegramente: CAMPA\u00d1A CONTRA EL HAMBRE\u00a0 270; SEMINARIO 157;\u00a0 JUEVES SANTO (D\u00eda Nacional de Caridad)\u00a0 100;\u00a0 VIERNES SANTO (Santos Lugares)\u00a0 85;\u00a0\u00a0 DOMUND\u00a0 245;\u00a0\u00a0 IGLESIA DIOCESANA 185.\u00a0\u00a0 Hubo una colecta especial para Ucrania, mandada por el Papa Francisco 200. Todas ellas supusieron en ingreso y salidas 1.242,00.<\/p>\n<p><strong>Las colectas de los domingos y martes<\/strong> siguientes supuso un total de ingresos de 8.078,24\u00a0 junto a <strong>los Sacramentos<\/strong> que supuso 2.490 y<strong> Donativos<\/strong> 775,69.\u00a0 En Total los Ingresos fueron <u>14.767,33<\/u>.<\/p>\n<p>Los<strong> GASTOS <\/strong>que se tuvieron fueron: Reparaciones y Mantenimiento: 2.984,60; Agua, Luz, Tel\u00e9fono: 1.631,11; Revistas: 689;\u00a0 Material de Oficina:\u00a0 665,63; Formas, Vino: 646,71; Revistas y Libros:\u00a0 456,75; Actividades Pastorales: 311,67; Gastos de Personal: 668; Aportaci\u00f3n N\u00f3mina del Clero: 720;\u00a0 Ley de Rentas Eclesi\u00e1sticas: 756,76;\u00a0 Gastos Bancarios 109,66\u00a0\u00a0El Total fue de <u>9.639,71.<\/u><\/p>\n<p>El balance de los \u00faltimos a\u00f1os es que los ingresos han disminuido al igual que en gastos, se hace lo que se puede. Necesitamos unos salones, pero no tenemos el necesario super\u00e1vit para ello.<\/p>\n<p>Agradecemos a todos los feligreses desde el P\u00e1rroco y el Consejo de Asuntos Econ\u00f3micos las aportaciones recibidas y valoramos el esfuerzo que hacen las personas y las familias en medio de tanta crisis econ\u00f3mica. \u00a1GRACIAS DE CORAZ\u00d3N!<\/p>\n","protected":false},"excerpt":{"rendered":"<p>ECONOM\u00cdA\u00a0 PARROQUIAL\u00a0 DE VALTERRA\u00a0\u00a0 -2016 Estimado feligr\u00e9s,\u00a0 queremos hacerte part\u00edcipe de c\u00f3mo va la econom\u00eda de la parroquia para que sepas a qu\u00e9 se destina la aportaci\u00f3n que t\u00fa y todos entregamos, porque los \u00fanicos ingresos que tenemos es lo que libremente las personas dan en concepto de cepillo y donativos y Sacramentos ; y &hellip; <\/p>\n<p class=\"link-more\"><a href=\"http:\/\/parroquiadelcarmenarrecife.org\/?page_id=199\" class=\"more-link\">Continuar leyendo<span class=\"screen-reader-text\"> &#8220;ECONOM\u00cdA&#8221;<\/span><\/a><\/p>\n","protected":false},"author":1,"featured_media":0,"parent":0,"menu_order":0,"comment_status":"closed","ping_status":"closed","template":"","meta":[],"_links":{"self":[{"href":"http:\/\/parroquiadelcarmenarrecife.org\/index.php?rest_route=\/wp\/v2\/pages\/199"}],"collection":[{"href":"http:\/\/parroquiadelcarmenarrecife.org\/index.php?rest_route=\/wp\/v2\/pages"}],"about":[{"href":"http:\/\/parroquiadelcarmenarrecife.org\/index.php?rest_route=\/wp\/v2\/types\/page"}],"author":[{"embeddable":true,"href":"http:\/\/parroquiadelcarmenarrecife.org\/index.php?rest_route=\/wp\/v2\/users\/1"}],"replies":[{"embeddable":true,"href":"http:\/\/parroquiadelcarmenarrecife.org\/index.php?rest_route=%2Fwp%2Fv2%2Fcomments&post=199"}],"version-history":[{"count":1,"href":"http:\/\/parroquiadelcarmenarrecife.org\/index.php?rest_route=\/wp\/v2\/pages\/199\/revisions"}],"predecessor-version":[{"id":200,"href":"http:\/\/parroquiadelcarmenarrecife.org\/index.php?rest_route=\/wp\/v2\/pages\/199\/revisions\/200"}],"wp:attachment":[{"href":"http:\/\/parroquiadelcarmenarrecife.org\/index.php?rest_route=%2Fwp%2Fv2%2Fmedia&parent=199"}],"curies":[{"name":"wp","href":"https:\/\/api.w.org\/{rel}","templated":true}]}}