{"id":2,"date":"2016-05-10T03:48:21","date_gmt":"2016-05-10T03:48:21","guid":{"rendered":"http:\/\/parroquiadelcarmenarrecife.org\/?page_id=2"},"modified":"2017-05-18T08:34:34","modified_gmt":"2017-05-18T08:34:34","slug":"sample-page","status":"publish","type":"page","link":"http:\/\/parroquiadelcarmenarrecife.org\/?page_id=2","title":{"rendered":"CREACION DE LA PARROQUIA"},"content":{"rendered":"<h1>\u00a0 \u00a0 \u00a0 CREACI\u00d3N DE LA PARROQUIA<\/h1>\n<p style=\"text-align: left;\">El d\u00eda 11 de marzo de 1972, el obispo de la di\u00f3cesis D. Jos\u00e9<br \/>\nAntonio Infantes Florido creaba la Parroquia de Nuestra Se\u00f1ora<br \/>\ndel Carmen en Valterra en Arrecife, barrio de pescadores y<br \/>\nmarinero.<br \/>\nLos sacerdotes que han ejercido su ministerio como p\u00e1rrocos<br \/>\nhasta ahora han sido:<br \/>\n\uf0b7 D. Antonio Bravo de Laguna y de la Coba (1972-1974)<br \/>\n\uf0b7 D. Pedro de Armas Rodr\u00edguez (1974-1982)<br \/>\n\uf0b7 D. Francisco Martel Su\u00e1rez (1982-1986)<br \/>\n\uf0b7 D. Francisco Su\u00e1rez Medina (1986-1996)<br \/>\n\uf0b7 D. Agapito Mart\u00edn Zarcero + (1996-2008)<br \/>\n\uf0b7 D. Antonio Fern\u00e1ndez Parrilla (2008-2009)<br \/>\n\uf0b7 D. Juan Antonio gallego L\u00f3pez (2009 \u2026)<\/p>\n<p style=\"text-align: left;\">En 1997 se celebr\u00f3 solemnemente el 25 Aniversario de la<br \/>\ncreaci\u00f3n de la Parroquia, siendo p\u00e1rroco D. Agapito, de lo que<br \/>\nqueda constancia en muchas fotograf\u00edas y documentos tanto de<br \/>\nlos actos religiosos como l\u00fadicos del barrio. La Misa se celebr\u00f3<br \/>\nen el parque de Valterra, por primera vez.<br \/>\nEn 2008 se le concedi\u00f3 la Medalla de Oro de Canarias al<br \/>\nsacerdote D. Agapito Mart\u00edn Zarcero por su dedicaci\u00f3n a favor de<br \/>\nlos que sufren, sobre todo de los presos del Centro Penitenciario<br \/>\nde Tah\u00edche, del cual era Capell\u00e1n. Y en 2013, despu\u00e9s de haber<br \/>\nsido trasladado a C\u00f3rdoba, de donde proced\u00eda, por varias<br \/>\nenfermedades, falleci\u00f3 el 25 de Junio, teniendo en esta<br \/>\nparroquia varios funerales por su alma.<br \/>\nEl d\u00eda 16 de Julio de 2013 se celebr\u00f3 la Misa de la Virgen del<br \/>\nCarmen, de nuevo, en el parque de Valterra, siendo p\u00e1rroco D.<br \/>\nJuan Antonio Gallego L\u00f3pez, con gran afluencia de feligreses del<br \/>\nbarrio, haciendo una representaci\u00f3n del Evangelio los Ni\u00f1os del<br \/>\nPrimer Curso de la Catequesis de Infancia, animando a la<br \/>\nsolidaridad, encontrando a Jes\u00fas en los pobres y necesitados,<br \/>\ncomo Mar\u00eda, que despu\u00e9s de conocer que iba a ser Madre de<br \/>\nJes\u00fas, corre al encuentro de su prima Isabel que la necesitaba.<\/p>\n","protected":false},"excerpt":{"rendered":"<p>\u00a0 \u00a0 \u00a0 CREACI\u00d3N DE LA PARROQUIA El d\u00eda 11 de marzo de 1972, el obispo de la di\u00f3cesis D. Jos\u00e9 Antonio Infantes Florido creaba la Parroquia de Nuestra Se\u00f1ora del Carmen en Valterra en Arrecife, barrio de pescadores y marinero. Los sacerdotes que han ejercido su ministerio como p\u00e1rrocos hasta ahora han sido: \uf0b7 &hellip; <\/p>\n<p class=\"link-more\"><a href=\"http:\/\/parroquiadelcarmenarrecife.org\/?page_id=2\" class=\"more-link\">Continuar leyendo<span class=\"screen-reader-text\"> &#8220;CREACION DE LA PARROQUIA&#8221;<\/span><\/a><\/p>\n","protected":false},"author":1,"featured_media":0,"parent":0,"menu_order":0,"comment_status":"closed","ping_status":"open","template":"","meta":[],"_links":{"self":[{"href":"http:\/\/parroquiadelcarmenarrecife.org\/index.php?rest_route=\/wp\/v2\/pages\/2"}],"collection":[{"href":"http:\/\/parroquiadelcarmenarrecife.org\/index.php?rest_route=\/wp\/v2\/pages"}],"about":[{"href":"http:\/\/parroquiadelcarmenarrecife.org\/index.php?rest_route=\/wp\/v2\/types\/page"}],"author":[{"embeddable":true,"href":"http:\/\/parroquiadelcarmenarrecife.org\/index.php?rest_route=\/wp\/v2\/users\/1"}],"replies":[{"embeddable":true,"href":"http:\/\/parroquiadelcarmenarrecife.org\/index.php?rest_route=%2Fwp%2Fv2%2Fcomments&post=2"}],"version-history":[{"count":4,"href":"http:\/\/parroquiadelcarmenarrecife.org\/index.php?rest_route=\/wp\/v2\/pages\/2\/revisions"}],"predecessor-version":[{"id":37,"href":"http:\/\/parroquiadelcarmenarrecife.org\/index.php?rest_route=\/wp\/v2\/pages\/2\/revisions\/37"}],"wp:attachment":[{"href":"http:\/\/parroquiadelcarmenarrecife.org\/index.php?rest_route=%2Fwp%2Fv2%2Fmedia&parent=2"}],"curies":[{"name":"wp","href":"https:\/\/api.w.org\/{rel}","templated":true}]}}