{"id":203,"date":"2017-06-20T08:37:17","date_gmt":"2017-06-20T08:37:17","guid":{"rendered":"http:\/\/parroquiadelcarmenarrecife.org\/?page_id=203"},"modified":"2017-06-20T08:37:17","modified_gmt":"2017-06-20T08:37:17","slug":"enfermos","status":"publish","type":"page","link":"http:\/\/parroquiadelcarmenarrecife.org\/?page_id=203","title":{"rendered":"ENFERMOS"},"content":{"rendered":"<p style=\"text-align: center;\"><span style=\"font-family: 'book antiqua', palatino, serif; font-size: 24pt;\"><em><strong>\u00bfQui\u00e9n puede<\/strong><\/em><\/span><br \/>\n<span style=\"font-family: 'book antiqua', palatino, serif; font-size: 24pt;\"><em><strong>recibir el Sacramento<\/strong><\/em><\/span><br \/>\n<span style=\"font-family: 'book antiqua', palatino, serif; font-size: 24pt;\"><em><strong>de la Unci\u00f3n de enfermos?<\/strong><\/em><\/span><br \/>\n<span style=\"font-size: 18pt;\"><strong><span style=\"font-family: 'book antiqua', palatino, serif;\">&#8211; El enfermo grave.<\/span><\/strong><\/span><br \/>\n<span style=\"font-family: 'book antiqua', palatino, serif; font-size: 14pt;\">Se trata de una enfermedad grave y no de peligro de<\/span><br \/>\n<span style=\"font-family: 'book antiqua', palatino, serif; font-size: 14pt;\">muerte. La cercan\u00eda de la muerte supone gravedad,<\/span><br \/>\n<span style=\"font-family: 'book antiqua', palatino, serif; font-size: 14pt;\">pero no toda gravedad supone cercan\u00eda de la muerte.<\/span><br \/>\n<span style=\"font-family: 'book antiqua', palatino, serif; font-size: 14pt;\">No hay que esperar que el enfermo se encuentre<\/span><br \/>\n<span style=\"font-family: 'book antiqua', palatino, serif; font-size: 14pt;\">pr\u00f3ximo a la muerte.<\/span><br \/>\n<span style=\"font-size: 18pt;\"><strong><span style=\"font-family: 'book antiqua', palatino, serif;\">&#8211; El que va a ser operado.<\/span><\/strong><\/span><br \/>\n<span style=\"font-size: 14pt; font-family: 'book antiqua', palatino, serif;\">Aunque no sea a vida o muerte, antes de que el enfermo<\/span><br \/>\n<span style=\"font-size: 14pt; font-family: 'book antiqua', palatino, serif;\">pase a quir\u00f3fano.<\/span><br \/>\n<span style=\"font-size: 18pt;\"><strong><span style=\"font-family: 'book antiqua', palatino, serif;\">&#8211; Los ancianos, los tullidos, ciegos,<\/span><\/strong><\/span><br \/>\n<span style=\"font-size: 18pt;\"><strong><span style=\"font-family: 'book antiqua', palatino, serif;\">paral\u00edticos, los enfermos cr\u00f3nicos.<\/span><\/strong><\/span><br \/>\n<span style=\"font-size: 14pt; font-family: 'book antiqua', palatino, serif;\">La unci\u00f3n les procura la salud del hombre total.<\/span><br \/>\n<span style=\"font-size: 18pt;\"><strong><span style=\"font-family: 'book antiqua', palatino, serif;\">&#8211; Los ni\u00f1os enfermos con uso de raz\u00f3n.<\/span><\/strong><\/span><br \/>\n<span style=\"font-size: 18pt;\"><strong><span style=\"font-family: 'book antiqua', palatino, serif;\">&#8211; Los enfermos mentales.<\/span><\/strong><\/span><br \/>\n<span style=\"font-family: 'book antiqua', palatino, serif; font-size: 14pt;\">Que cayeron enfermos despu\u00e9s de hacer uso de su<\/span><br \/>\n<span style=\"font-family: 'book antiqua', palatino, serif; font-size: 14pt;\">raz\u00f3n.<\/span><\/p>\n<p style=\"text-align: center;\"><span style=\"font-size: 24pt;\"><strong><span style=\"font-family: 'book antiqua', palatino, serif;\">A ustedes<\/span><\/strong><\/span><br \/>\n<span style=\"font-size: 24pt;\"><strong><span style=\"font-family: 'book antiqua', palatino, serif;\">Familiares y cuidadores<\/span><\/strong><\/span><br \/>\n<span style=\"font-size: 24pt;\"><strong><span style=\"font-family: 'book antiqua', palatino, serif;\">de los enfermos\u2026.<\/span><\/strong><\/span><br \/>\n<span style=\"font-family: 'book antiqua', palatino, serif; font-size: 14pt;\">Que tanto tiempo emplean en<\/span><br \/>\n<span style=\"font-family: 'book antiqua', palatino, serif; font-size: 14pt;\">cuidarles y mimarles, la Comunidad<\/span><br \/>\n<span style=\"font-family: 'book antiqua', palatino, serif; font-size: 14pt;\">Cristiana agradece su tarea y para<\/span><br \/>\n<span style=\"font-family: 'book antiqua', palatino, serif; font-size: 14pt;\">hacerla m\u00e1s llevadera quiere compartir<\/span><br \/>\n<span style=\"font-family: 'book antiqua', palatino, serif; font-size: 14pt;\">con ustedes esa entrega y ese<\/span><br \/>\n<span style=\"font-family: 'book antiqua', palatino, serif; font-size: 14pt;\">servicio ofreciendo para su familiar<\/span><br \/>\n<span style=\"font-family: 'book antiqua', palatino, serif; font-size: 14pt;\">un Sacramento de Vida: la Unci\u00f3n<\/span><br \/>\n<span style=\"font-family: 'book antiqua', palatino, serif; font-size: 14pt;\">de los enfermos.<\/span><br \/>\n<span style=\"font-family: 'book antiqua', palatino, serif; font-size: 14pt;\">La pueden recibir en casa, si el<\/span><br \/>\n<span style=\"font-family: 'book antiqua', palatino, serif; font-size: 14pt;\">enfermo no puede moverse o, en el<\/span><br \/>\n<span style=\"font-family: 'book antiqua', palatino, serif; font-size: 14pt;\">templo, en la celebraci\u00f3n de la Eucarist\u00eda,<\/span><br \/>\n<span style=\"font-family: 'book antiqua', palatino, serif; font-size: 14pt;\">en las fechas que se se\u00f1alen<\/span><br \/>\n<span style=\"font-family: 'book antiqua', palatino, serif; font-size: 14pt;\">este a\u00f1o en Pascua de Resurrecci\u00f3n.<\/span><br \/>\n<span style=\"font-size: 24pt;\"><strong><span style=\"font-family: 'book antiqua', palatino, serif;\">La Unci\u00f3n<\/span><\/strong><\/span><br \/>\n<span style=\"font-size: 24pt;\"><strong><span style=\"font-family: 'book antiqua', palatino, serif;\">de los enfermos\u2026<\/span><\/strong><\/span><br \/>\n<span style=\"font-family: 'book antiqua', palatino, serif; font-size: 14pt;\">Jes\u00fas quiso que la Iglesia continuara el servicio<\/span><br \/>\n<span style=\"font-family: 'book antiqua', palatino, serif; font-size: 14pt;\">a los enfermos que \u00e9l hab\u00eda ejercido con<\/span><br \/>\n<span style=\"font-family: 'book antiqua', palatino, serif; font-size: 14pt;\">tanto cari\u00f1o y misericordia. Dio la orden de<\/span><br \/>\n<span style=\"font-family: 'book antiqua', palatino, serif; font-size: 14pt;\">visitar y curar.<\/span><br \/>\n<span style=\"font-family: 'book antiqua', palatino, serif; font-size: 14pt;\">Para animarnos al esfuerzo, afirm\u00f3 que en el<\/span><br \/>\n<span style=\"font-family: 'book antiqua', palatino, serif; font-size: 14pt;\">enfermo visitado es visitado \u00e9l mismo.<\/span><br \/>\n<span style=\"font-family: 'book antiqua', palatino, serif; font-size: 14pt;\">Y como culminaci\u00f3n de este servicio de la<\/span><br \/>\n<span style=\"font-family: 'book antiqua', palatino, serif; font-size: 14pt;\">Iglesia, nos dej\u00f3 un sacramento especial para<\/span><br \/>\n<span style=\"font-family: 'book antiqua', palatino, serif; font-size: 14pt;\">la enfermedad.<\/span><br \/>\n<span style=\"font-family: 'book antiqua', palatino, serif; font-size: 14pt;\">Nos dice el ap\u00f3stol Santiago:<\/span><br \/>\n<span style=\"font-size: 14pt;\"><em><strong><span style=\"font-family: 'book antiqua', palatino, serif;\">\u201c\u00bfEst\u00e1 enfermo alguno de ustedes?<\/span><\/strong><\/em><\/span><br \/>\n<span style=\"font-size: 14pt;\"><em><strong><span style=\"font-family: 'book antiqua', palatino, serif;\">Llame a los presb\u00edteros de la Iglesia,<\/span><\/strong><\/em><\/span><br \/>\n<span style=\"font-size: 14pt;\"><em><strong><span style=\"font-family: 'book antiqua', palatino, serif;\">que recen por \u00e9l y lo unjan con el<\/span><\/strong><\/em><\/span><br \/>\n<span style=\"font-size: 14pt;\"><em><strong><span style=\"font-family: 'book antiqua', palatino, serif;\">\u00f3leo en el nombre del Se\u00f1or;<\/span><\/strong><\/em><\/span><br \/>\n<span style=\"font-size: 14pt;\"><em><strong><span style=\"font-family: 'book antiqua', palatino, serif;\">y la oraci\u00f3n de la fe salvar\u00e1 al enfermo<\/span><\/strong><\/em><\/span><br \/>\n<span style=\"font-size: 14pt;\"><em><strong><span style=\"font-family: 'book antiqua', palatino, serif;\">y si ha cometido pecado le perdonar\u00e1\u201d.<\/span><\/strong><\/em><\/span><br \/>\n<span style=\"font-size: 14pt;\"><em><strong><span style=\"font-family: 'book antiqua', palatino, serif;\">Sant 5, 14-15<\/span><\/strong><\/em><\/span><\/p>\n","protected":false},"excerpt":{"rendered":"<p>\u00bfQui\u00e9n puede recibir el Sacramento de la Unci\u00f3n de enfermos? &#8211; El enfermo grave. Se trata de una enfermedad grave y no de peligro de muerte. La cercan\u00eda de la muerte supone gravedad, pero no toda gravedad supone cercan\u00eda de la muerte. No hay que esperar que el enfermo se encuentre pr\u00f3ximo a la muerte. &hellip; <\/p>\n<p class=\"link-more\"><a href=\"http:\/\/parroquiadelcarmenarrecife.org\/?page_id=203\" class=\"more-link\">Continuar leyendo<span class=\"screen-reader-text\"> &#8220;ENFERMOS&#8221;<\/span><\/a><\/p>\n","protected":false},"author":1,"featured_media":0,"parent":0,"menu_order":0,"comment_status":"closed","ping_status":"closed","template":"","meta":[],"_links":{"self":[{"href":"http:\/\/parroquiadelcarmenarrecife.org\/index.php?rest_route=\/wp\/v2\/pages\/203"}],"collection":[{"href":"http:\/\/parroquiadelcarmenarrecife.org\/index.php?rest_route=\/wp\/v2\/pages"}],"about":[{"href":"http:\/\/parroquiadelcarmenarrecife.org\/index.php?rest_route=\/wp\/v2\/types\/page"}],"author":[{"embeddable":true,"href":"http:\/\/parroquiadelcarmenarrecife.org\/index.php?rest_route=\/wp\/v2\/users\/1"}],"replies":[{"embeddable":true,"href":"http:\/\/parroquiadelcarmenarrecife.org\/index.php?rest_route=%2Fwp%2Fv2%2Fcomments&post=203"}],"version-history":[{"count":1,"href":"http:\/\/parroquiadelcarmenarrecife.org\/index.php?rest_route=\/wp\/v2\/pages\/203\/revisions"}],"predecessor-version":[{"id":204,"href":"http:\/\/parroquiadelcarmenarrecife.org\/index.php?rest_route=\/wp\/v2\/pages\/203\/revisions\/204"}],"wp:attachment":[{"href":"http:\/\/parroquiadelcarmenarrecife.org\/index.php?rest_route=%2Fwp%2Fv2%2Fmedia&parent=203"}],"curies":[{"name":"wp","href":"https:\/\/api.w.org\/{rel}","templated":true}]}}