{"id":207,"date":"2017-06-20T08:41:05","date_gmt":"2017-06-20T08:41:05","guid":{"rendered":"http:\/\/parroquiadelcarmenarrecife.org\/?page_id=207"},"modified":"2017-06-20T08:41:05","modified_gmt":"2017-06-20T08:41:05","slug":"oracion-del-enfermo-2017","status":"publish","type":"page","link":"http:\/\/parroquiadelcarmenarrecife.org\/?page_id=207","title":{"rendered":"ORACION DEL ENFERMO 2017"},"content":{"rendered":"<p>&nbsp;<\/p>\n<p><img decoding=\"async\" loading=\"lazy\" class=\"aligncenter wp-image-208 size-full\" src=\"http:\/\/parroquiadelcarmenarrecife.org\/wp-content\/uploads\/2017\/06\/ENFERMOS.gif\" alt=\"\" width=\"383\" height=\"595\" \/><\/p>\n<p style=\"text-align: center;\"><span style=\"font-family: 'arial black', sans-serif; font-size: 18pt;\"><strong>ORACI\u00d3N<\/strong><\/span><br \/>\n<span style=\"font-size: 14pt; font-family: arial, helvetica, sans-serif;\">Dios Padre, amigo de la vida,<\/span><br \/>\n<span style=\"font-size: 14pt; font-family: arial, helvetica, sans-serif;\">que est\u00e1s presente en todo el universo<\/span><br \/>\n<span style=\"font-size: 14pt; font-family: arial, helvetica, sans-serif;\">y en la m\u00e1s peque\u00f1a de tus criaturas,<\/span><br \/>\n<span style=\"font-size: 14pt; font-family: arial, helvetica, sans-serif;\">derrama en nosotros la fuerza de tu amor.<\/span><br \/>\n<span style=\"font-size: 14pt; font-family: arial, helvetica, sans-serif;\">Dios de los pobres,<\/span><br \/>\n<span style=\"font-size: 14pt; font-family: arial, helvetica, sans-serif;\">ay\u00fadanos a rescatar y cuidar<\/span><br \/>\n<span style=\"font-size: 14pt; font-family: arial, helvetica, sans-serif;\">a los abandonados y olvidados de esta tierra<\/span><br \/>\n<span style=\"font-size: 14pt; font-family: arial, helvetica, sans-serif;\">que tanto valen a tus ojos.<\/span><br \/>\n<span style=\"font-size: 14pt; font-family: arial, helvetica, sans-serif;\">Sana nuestras vidas,<\/span><br \/>\n<span style=\"font-size: 14pt; font-family: arial, helvetica, sans-serif;\">para que sembremos hermosura<\/span><br \/>\n<span style=\"font-size: 14pt; font-family: arial, helvetica, sans-serif;\">y no contaminaci\u00f3n y destrucci\u00f3n.<\/span><br \/>\n<span style=\"font-size: 14pt; font-family: arial, helvetica, sans-serif;\">Toca nuestros corazones<\/span><br \/>\n<span style=\"font-size: 14pt; font-family: arial, helvetica, sans-serif;\">y ens\u00e9\u00f1anos a descubrir el valor<\/span><br \/>\n<span style=\"font-size: 14pt; font-family: arial, helvetica, sans-serif;\">de cada persona y de cada cosa,<\/span><br \/>\n<span style=\"font-size: 14pt; font-family: arial, helvetica, sans-serif;\">porque todos somos custodios<\/span><br \/>\n<span style=\"font-size: 14pt; font-family: arial, helvetica, sans-serif;\">de la salud de nuestros hermanos<\/span><br \/>\n<span style=\"font-size: 14pt; font-family: arial, helvetica, sans-serif;\">y de la salud del mundo.<\/span><br \/>\n<span style=\"font-size: 14pt; font-family: arial, helvetica, sans-serif;\">Am\u00e9n.<\/span><\/p>\n<p>&nbsp;<\/p>\n<p style=\"text-align: center;\">\n<span style=\"font-size: 14pt; font-family: arial, helvetica, sans-serif;\"><strong>Comisi\u00f3n Episcopal de Pastoral<\/strong><\/span><br \/>\n<span style=\"font-size: 14pt; font-family: arial, helvetica, sans-serif;\"><strong>Departamento de Pastoral de la Salud<\/strong><\/span><br \/>\n<span style=\"font-size: 14pt; font-family: arial, helvetica, sans-serif;\"><strong>A\u00f1astro, 1 \u00b7 28033 Madrid<\/strong><\/span><br \/>\n<span style=\"font-size: 14pt; font-family: arial, helvetica, sans-serif;\"><strong>salud@conferenciaepiscopal.es<\/strong><\/span><\/p>\n","protected":false},"excerpt":{"rendered":"<p>&nbsp; ORACI\u00d3N Dios Padre, amigo de la vida, que est\u00e1s presente en todo el universo y en la m\u00e1s peque\u00f1a de tus criaturas, derrama en nosotros la fuerza de tu amor. Dios de los pobres, ay\u00fadanos a rescatar y cuidar a los abandonados y olvidados de esta tierra que tanto valen a tus ojos. Sana &hellip; <\/p>\n<p class=\"link-more\"><a href=\"http:\/\/parroquiadelcarmenarrecife.org\/?page_id=207\" class=\"more-link\">Continuar leyendo<span class=\"screen-reader-text\"> &#8220;ORACION DEL ENFERMO 2017&#8221;<\/span><\/a><\/p>\n","protected":false},"author":1,"featured_media":0,"parent":0,"menu_order":0,"comment_status":"closed","ping_status":"closed","template":"","meta":[],"_links":{"self":[{"href":"http:\/\/parroquiadelcarmenarrecife.org\/index.php?rest_route=\/wp\/v2\/pages\/207"}],"collection":[{"href":"http:\/\/parroquiadelcarmenarrecife.org\/index.php?rest_route=\/wp\/v2\/pages"}],"about":[{"href":"http:\/\/parroquiadelcarmenarrecife.org\/index.php?rest_route=\/wp\/v2\/types\/page"}],"author":[{"embeddable":true,"href":"http:\/\/parroquiadelcarmenarrecife.org\/index.php?rest_route=\/wp\/v2\/users\/1"}],"replies":[{"embeddable":true,"href":"http:\/\/parroquiadelcarmenarrecife.org\/index.php?rest_route=%2Fwp%2Fv2%2Fcomments&post=207"}],"version-history":[{"count":1,"href":"http:\/\/parroquiadelcarmenarrecife.org\/index.php?rest_route=\/wp\/v2\/pages\/207\/revisions"}],"predecessor-version":[{"id":209,"href":"http:\/\/parroquiadelcarmenarrecife.org\/index.php?rest_route=\/wp\/v2\/pages\/207\/revisions\/209"}],"wp:attachment":[{"href":"http:\/\/parroquiadelcarmenarrecife.org\/index.php?rest_route=%2Fwp%2Fv2%2Fmedia&parent=207"}],"curies":[{"name":"wp","href":"https:\/\/api.w.org\/{rel}","templated":true}]}}