{"id":218,"date":"2017-06-20T08:46:36","date_gmt":"2017-06-20T08:46:36","guid":{"rendered":"http:\/\/parroquiadelcarmenarrecife.org\/?page_id=218"},"modified":"2017-10-30T19:12:57","modified_gmt":"2017-10-30T19:12:57","slug":"calendario-julio-17","status":"publish","type":"page","link":"http:\/\/parroquiadelcarmenarrecife.org\/?page_id=218","title":{"rendered":"CALENDARIO NOVIEMBRE 2017"},"content":{"rendered":"<h2 style=\"text-align: center;\"><span style=\"font-size: 24pt;\"><em><strong><span lang=\"ES-TRAD\">SANTORAL Y ACTIVIDADES NOVIEMBRE 2017<\/span><\/strong><\/em><\/span><\/h2>\n<table width=\"643\">\n<tbody>\n<tr>\n<td style=\"text-align: center;\" width=\"38\">X<\/td>\n<td style=\"text-align: center;\" width=\"41\">1<\/td>\n<td style=\"text-align: center;\" width=\"564\"><strong>TODOS LOS SANTOS\u00a0 <\/strong>MISA\u00a0 a las 11:30 h.<\/td>\n<\/tr>\n<tr>\n<td style=\"text-align: center;\" width=\"38\">J<\/td>\n<td style=\"text-align: center;\" width=\"41\">2<\/td>\n<td style=\"text-align: center;\" width=\"564\"><strong>TODOS LOS DIFUNTOS\u00a0 &#8211; <\/strong>Misa a las 20 h.<\/td>\n<\/tr>\n<tr>\n<td style=\"text-align: center;\" width=\"38\">V<\/td>\n<td style=\"text-align: center;\" width=\"41\">3<\/td>\n<td style=\"text-align: center;\" width=\"564\"><strong>S. Mart\u00edn de Porres<\/strong><\/td>\n<\/tr>\n<tr>\n<td style=\"text-align: center;\" width=\"38\">S<\/td>\n<td style=\"text-align: center;\" width=\"41\">4<\/td>\n<td style=\"text-align: center;\" width=\"564\"><strong>Stos. Carlos Borromeo y Modesta <\/strong><\/td>\n<\/tr>\n<tr>\n<td style=\"text-align: center;\" width=\"38\">D<\/td>\n<td style=\"text-align: center;\" width=\"41\">5<\/td>\n<td style=\"text-align: center;\" width=\"564\"><strong>XXXI TIEMPO ORDINARIO \u2013 <\/strong>Catequesis de J\u00f3venes a las 10:30 h. &#8211; MISA a las 11:30 h.<\/td>\n<\/tr>\n<tr>\n<td style=\"text-align: center;\" width=\"38\">L<\/td>\n<td style=\"text-align: center;\" width=\"41\">6<\/td>\n<td style=\"text-align: center;\" width=\"564\"><strong>M\u00e1rtires del siglo XX en Espa\u00f1a<\/strong>&#8211; Oraci\u00f3n 18:30 h.<\/td>\n<\/tr>\n<tr>\n<td style=\"text-align: center;\" width=\"38\">M<\/td>\n<td style=\"text-align: center;\" width=\"41\">7<\/td>\n<td style=\"text-align: center;\" width=\"564\"><strong>Stos. L\u00e1zaro y Florencio.<\/strong> Catequesis 1\u00ba 17:30 h. Despertar 18:30 h.\u2013 Despacho 17:30h. \u2013 Misa\u00a0 19:30 h. Consejo Pastoral 20 h.<\/td>\n<\/tr>\n<tr>\n<td style=\"text-align: center;\" width=\"38\">X<\/td>\n<td style=\"text-align: center;\" width=\"41\">8<\/td>\n<td style=\"text-align: center;\" width=\"564\"><strong>S. Godofredo <\/strong>\u2013 Catequesis 2\u00ba 17 h.<\/td>\n<\/tr>\n<tr>\n<td style=\"text-align: center;\" width=\"38\">J<\/td>\n<td style=\"text-align: center;\" width=\"41\">9<\/td>\n<td style=\"text-align: center;\" width=\"564\"><strong>Dedicaci\u00f3n Bas\u00edlica de Letr\u00e1n<\/strong><\/td>\n<\/tr>\n<tr>\n<td style=\"text-align: center;\" width=\"38\">V<\/td>\n<td style=\"text-align: center;\" width=\"41\">10<\/td>\n<td style=\"text-align: center;\" width=\"564\"><strong>S. Le\u00f3n Magno<\/strong><\/td>\n<\/tr>\n<tr>\n<td style=\"text-align: center;\" width=\"38\">S<\/td>\n<td style=\"text-align: center;\" width=\"41\">11<\/td>\n<td style=\"text-align: center;\" width=\"564\"><strong>S. Mart\u00edn de Tours<\/strong><\/td>\n<\/tr>\n<tr>\n<td style=\"text-align: center;\" width=\"38\">D<\/td>\n<td style=\"text-align: center;\" width=\"41\">12<\/td>\n<td style=\"text-align: center;\" width=\"564\"><strong>XXXII TIEMPO ORDINARIO \u2013 <\/strong>Catequesis de J\u00f3venes a las 10:30 h. &#8211; MISA a las 11:30 h.<\/td>\n<\/tr>\n<tr>\n<td style=\"text-align: center;\" width=\"38\">L<\/td>\n<td style=\"text-align: center;\" width=\"41\">13<\/td>\n<td style=\"text-align: center;\" width=\"564\"><strong>S. Le\u00f3n Magno- <\/strong>Oraci\u00f3n 18:30 h.<\/td>\n<\/tr>\n<tr>\n<td style=\"text-align: center;\" width=\"38\">M<\/td>\n<td style=\"text-align: center;\" width=\"41\">14<\/td>\n<td style=\"text-align: center;\" width=\"564\"><strong>Stos. Rufo y Serapio &#8211; <\/strong>Catequesis 1\u00ba 17:30 h. Despertar 18:30 h.\u2013 Despacho 17:30h. \u2013 Misa\u00a0 19:30 h. Liturgia y Formaci\u00f3n\u00a0 20 h.<\/td>\n<\/tr>\n<tr>\n<td style=\"text-align: center;\" width=\"38\">X<\/td>\n<td style=\"text-align: center;\" width=\"41\">15<\/td>\n<td style=\"text-align: center;\" width=\"564\"><strong>Stos. Alberto M. y Leopoldo- <\/strong>Catequesis 2\u00ba 17 h.<\/td>\n<\/tr>\n<tr>\n<td style=\"text-align: center;\" width=\"38\">J<\/td>\n<td style=\"text-align: center;\" width=\"41\">16<\/td>\n<td style=\"text-align: center;\" width=\"564\"><strong>Stas. Gertrudis y Margarita de Escocia-<\/strong>CPI\u00a0 20 h.<\/td>\n<\/tr>\n<tr>\n<td style=\"text-align: center;\" width=\"38\">V<\/td>\n<td style=\"text-align: center;\" width=\"41\">17<\/td>\n<td style=\"text-align: center;\" width=\"564\"><strong>Sta. Isabel de Hungr\u00eda<\/strong><\/td>\n<\/tr>\n<tr>\n<td style=\"text-align: center;\" width=\"38\">S<\/td>\n<td style=\"text-align: center;\" width=\"41\">18<\/td>\n<td style=\"text-align: center;\" width=\"564\"><strong>Dedicaci\u00f3n Bas\u00edlica de los Stos. Pedro y Pablo<\/strong><\/td>\n<\/tr>\n<tr>\n<td style=\"text-align: center;\" width=\"38\">D<\/td>\n<td style=\"text-align: center;\" width=\"41\">19<\/td>\n<td style=\"text-align: center;\" width=\"564\"><strong>XXXIII TIEMPO ORDINARIO \u2013 <\/strong>Catequesis de J\u00f3venes a las 10:30 h. &#8211; MISA a las 11:30 h.<\/td>\n<\/tr>\n<tr>\n<td style=\"text-align: center;\" width=\"38\">L<\/td>\n<td style=\"text-align: center;\" width=\"41\">20<\/td>\n<td style=\"text-align: center;\" width=\"564\"><strong>S. Crisp\u00edn<\/strong><\/td>\n<\/tr>\n<tr>\n<td style=\"text-align: center;\" width=\"38\">M<\/td>\n<td style=\"text-align: center;\" width=\"41\">21<\/td>\n<td style=\"text-align: center;\" width=\"564\"><strong>Presentaci\u00f3n de la Virgen <\/strong>Catequesis 1\u00ba 17:30 h. Despertar 18:30 h.\u2013 Despacho 17:30h. \u2013 Misa\u00a0 19:30 h. Liturgia y Formaci\u00f3n 20 h.<\/td>\n<\/tr>\n<tr>\n<td style=\"text-align: center;\" width=\"38\">X<\/td>\n<td style=\"text-align: center;\" width=\"41\">22<\/td>\n<td style=\"text-align: center;\" width=\"564\"><strong>Sta. Cecilia- <\/strong>Catequesis 2\u00ba 17 h.<\/td>\n<\/tr>\n<tr>\n<td style=\"text-align: center;\" width=\"38\">J<\/td>\n<td style=\"text-align: center;\" width=\"41\">23<\/td>\n<td style=\"text-align: center;\" width=\"564\"><strong>Stos. Clemente y Columbano<\/strong><\/td>\n<\/tr>\n<tr>\n<td style=\"text-align: center;\" width=\"38\">V<\/td>\n<td style=\"text-align: center;\" width=\"41\">24<\/td>\n<td style=\"text-align: center;\" width=\"564\"><strong>Stos. Andr\u00e9s Dung-Lac y compa\u00f1eros m\u00e1rtires<\/strong><\/td>\n<\/tr>\n<tr>\n<td style=\"text-align: center;\" width=\"38\">S<\/td>\n<td style=\"text-align: center;\" width=\"41\">25<\/td>\n<td style=\"text-align: center;\" width=\"564\"><strong>Stos. Pedro y \u00c4gueda<\/strong><\/td>\n<\/tr>\n<tr>\n<td style=\"text-align: center;\" width=\"38\">D<\/td>\n<td style=\"text-align: center;\" width=\"41\">26<\/td>\n<td style=\"text-align: center;\" width=\"564\"><strong>XXXIV TIEMPO ORDINARIO \u2013 <\/strong>Catequesis de J\u00f3venes a las 10:30 h. &#8211; MISA a las 11:30 h.<\/td>\n<\/tr>\n<tr>\n<td style=\"text-align: center;\" width=\"38\">L<\/td>\n<td style=\"text-align: center;\" width=\"41\">27<\/td>\n<td style=\"text-align: center;\" width=\"564\"><strong>Virgen de la Medalla Milagrosa- <\/strong>Misa 18 h.\u00a0 Maneje<\/td>\n<\/tr>\n<tr>\n<td style=\"text-align: center;\" width=\"38\">M<\/td>\n<td style=\"text-align: center;\" width=\"41\">28<\/td>\n<td style=\"text-align: center;\" width=\"564\"><strong>Sta. Catalina Labour\u00e9-<\/strong> Catequesis 1\u00ba 17:30 h. Despertar 18:30 h.\u2013 Despacho 17:30h. \u2013 Misa\u00a0 19:30 h. Liturgia y Formaci\u00f3n 20 h.<\/td>\n<\/tr>\n<tr>\n<td style=\"text-align: center;\" width=\"38\">X<\/td>\n<td style=\"text-align: center;\" width=\"41\">29<\/td>\n<td style=\"text-align: center;\" width=\"564\"><strong>Stos. Saturnino e Iluminada-<\/strong> Catequesis 2\u00ba 17 h.<\/td>\n<\/tr>\n<tr>\n<td style=\"text-align: center;\" width=\"38\">J<\/td>\n<td style=\"text-align: center;\" width=\"41\">30<\/td>\n<td style=\"text-align: center;\" width=\"564\"><strong>S. Andr\u00e9s Ap\u00f3stol<\/strong><\/td>\n<\/tr>\n<\/tbody>\n<\/table>\n","protected":false},"excerpt":{"rendered":"<p>SANTORAL Y ACTIVIDADES NOVIEMBRE 2017 X 1 TODOS LOS SANTOS\u00a0 MISA\u00a0 a las 11:30 h. J 2 TODOS LOS DIFUNTOS\u00a0 &#8211; Misa a las 20 h. V 3 S. Mart\u00edn de Porres S 4 Stos. Carlos Borromeo y Modesta D 5 XXXI TIEMPO ORDINARIO \u2013 Catequesis de J\u00f3venes a las 10:30 h. &#8211; MISA a &hellip; <\/p>\n<p class=\"link-more\"><a href=\"http:\/\/parroquiadelcarmenarrecife.org\/?page_id=218\" class=\"more-link\">Continuar leyendo<span class=\"screen-reader-text\"> &#8220;CALENDARIO NOVIEMBRE 2017&#8221;<\/span><\/a><\/p>\n","protected":false},"author":1,"featured_media":0,"parent":0,"menu_order":0,"comment_status":"closed","ping_status":"closed","template":"","meta":[],"_links":{"self":[{"href":"http:\/\/parroquiadelcarmenarrecife.org\/index.php?rest_route=\/wp\/v2\/pages\/218"}],"collection":[{"href":"http:\/\/parroquiadelcarmenarrecife.org\/index.php?rest_route=\/wp\/v2\/pages"}],"about":[{"href":"http:\/\/parroquiadelcarmenarrecife.org\/index.php?rest_route=\/wp\/v2\/types\/page"}],"author":[{"embeddable":true,"href":"http:\/\/parroquiadelcarmenarrecife.org\/index.php?rest_route=\/wp\/v2\/users\/1"}],"replies":[{"embeddable":true,"href":"http:\/\/parroquiadelcarmenarrecife.org\/index.php?rest_route=%2Fwp%2Fv2%2Fcomments&post=218"}],"version-history":[{"count":5,"href":"http:\/\/parroquiadelcarmenarrecife.org\/index.php?rest_route=\/wp\/v2\/pages\/218\/revisions"}],"predecessor-version":[{"id":259,"href":"http:\/\/parroquiadelcarmenarrecife.org\/index.php?rest_route=\/wp\/v2\/pages\/218\/revisions\/259"}],"wp:attachment":[{"href":"http:\/\/parroquiadelcarmenarrecife.org\/index.php?rest_route=%2Fwp%2Fv2%2Fmedia&parent=218"}],"curies":[{"name":"wp","href":"https:\/\/api.w.org\/{rel}","templated":true}]}}