{"id":87,"date":"2017-05-22T09:13:03","date_gmt":"2017-05-22T09:13:03","guid":{"rendered":"http:\/\/parroquiadelcarmenarrecife.org\/?page_id=87"},"modified":"2017-05-22T09:13:03","modified_gmt":"2017-05-22T09:13:03","slug":"repasando-el-sacramento-del-bautismo","status":"publish","type":"page","link":"http:\/\/parroquiadelcarmenarrecife.org\/?page_id=87","title":{"rendered":"REPASANDO EL SACRAMENTO DEL BAUTISMO"},"content":{"rendered":"<h1 style=\"text-align: center;\"><span style=\"color: #ff6600;\">REPASANDO \u00a0EL SACRAMENTO DEL BAUTISMO<\/span><\/h1>\n<p style=\"text-align: left;\">\nLa Constituci\u00f3n del Vaticano II sobre la Liturgia en la Iglesia inici\u00f3 una reforma muy profunda de la liturgia de la iniciaci\u00f3n cristiana. Esta reforma tiene dos caracter\u00edsticas: la adaptaci\u00f3n real del ritual a la condici\u00f3n de los ni\u00f1os (anteriormente se usaba un resumen del ceremonial propio de los adultos), y el retorno a la antigua tradici\u00f3n del catecumenado de adultos dividido en varias etapas. Por \u201cni\u00f1os\u201d, el ritual entiende aquellos que a\u00fan no han llegado al uso de raz\u00f3n, y,por tanto, \u201cno pueden tener ni expresar una fe personal\u201d. Por ello el ritual fija su atenci\u00f3n en los Padres: deben recibir una preparaci\u00f3n de cara a la participaci\u00f3n consciente en la celebraci\u00f3n. Para el ritual, los padres ejercen un verdadero ministerio, ya que son ellos (que representan a la comunidad eclesial) quienes piden p\u00fablicamente el bautizo del ni\u00f1o; ellos lo signan en la frente, despu\u00e9s del celebrante; ellos hacen la renuncia al mal y<br \/>\npronuncian la profesi\u00f3n de fe, ellos llevan al ni\u00f1o a la fuente bautismal, ellos encienden el Cirio; ellos reciben una bendici\u00f3n especial.<\/p>\n<p style=\"text-align: center;\"><span style=\"color: #ff6600;\">La Iglesia, que recibi\u00f3 la misi\u00f3n de<\/span><br \/>\n<span style=\"color: #ff6600;\">evangelizar y de bautizar, bautiz\u00f3<\/span><br \/>\n<span style=\"color: #ff6600;\">ya desde los primeros siglos, no<\/span><br \/>\n<span style=\"color: #ff6600;\">solamente a los adultos, sino<\/span><br \/>\n<span style=\"color: #ff6600;\">tambi\u00e9n a los ni\u00f1os. En aquellas<\/span><br \/>\n<span style=\"color: #ff6600;\">palabras del Se\u00f1or: \u201cEl que no<\/span><br \/>\n<span style=\"color: #ff6600;\">nazca de agua y de Esp\u00edritu, no<\/span><br \/>\n<span style=\"color: #ff6600;\">puede entrar en el reino de Dios\u201d<\/span><br \/>\n<span style=\"color: #ff6600;\">(Juan 3,5), siempre entendi\u00f3 la<\/span><br \/>\n<span style=\"color: #ff6600;\">Iglesia que no hab\u00eda de privar del<\/span><br \/>\n<span style=\"color: #ff6600;\">bautismo a los ni\u00f1os, porque<\/span><br \/>\n<span style=\"color: #ff6600;\">consider\u00f3 que son bautizados en la<\/span><br \/>\n<span style=\"color: #ff6600;\">fe de la misma Iglesia, proclamada<\/span><br \/>\n<span style=\"color: #ff6600;\">por los padres, padrinos y dem\u00e1s<\/span><br \/>\n<span style=\"color: #ff6600;\">presentes. Ellos representan tanto<\/span><br \/>\n<span style=\"color: #ff6600;\">a la Iglesia local como a la<\/span><br \/>\n<span style=\"color: #ff6600;\">comunidad universal de los santos y<\/span><br \/>\n<span style=\"color: #ff6600;\">de los fieles; es decir, \u201ca la Madre<\/span><br \/>\n<span style=\"color: #ff6600;\">Iglesia\u201d, que \u201ctoda ella, en la<\/span><br \/>\n<span style=\"color: #ff6600;\">totalidad de sus miembros,<\/span><br \/>\n<span style=\"color: #ff6600;\">engendra a todos y a cada uno\u201d<\/span><br \/>\n<span style=\"color: #ff6600;\">(San Agust\u00edn, Epistolae, 98,5).<\/span><br \/>\n<span style=\"color: #ff6600;\">Ahora bien, para completar la<\/span><br \/>\n<span style=\"color: #ff6600;\">verdad del sacramento conviene<\/span><br \/>\n<span style=\"color: #ff6600;\">que los ni\u00f1os sean educados<\/span><br \/>\n<span style=\"color: #ff6600;\">despu\u00e9s en la fe que han sido<\/span><br \/>\n<span style=\"color: #ff6600;\">bautizados. El mismo sacramento<\/span><br \/>\n<span style=\"color: #ff6600;\">recibido ser\u00e1 el fundamento y la<\/span><br \/>\n<span style=\"color: #ff6600;\">fuente de esta educaci\u00f3n. Porque<\/span><br \/>\n<span style=\"color: #ff6600;\">la educaci\u00f3n en la fe, que en<\/span><br \/>\n<span style=\"color: #ff6600;\">justicia, se les debe a los ni\u00f1os,<\/span><br \/>\n<span style=\"color: #ff6600;\">tiende a llevarles gradualmente a<\/span><br \/>\n<span style=\"color: #ff6600;\">comprender y asimilar el plan de<\/span><br \/>\n<span style=\"color: #ff6600;\">Dios en Cristo, para que finalmente<\/span><br \/>\n<span style=\"color: #ff6600;\">ellos mismos puedan libremente<\/span><br \/>\n<span style=\"color: #ff6600;\">ratificar la fe en que han sido<\/span><br \/>\n<span style=\"color: #ff6600;\">bautizados.<\/span><br \/>\n<span style=\"color: #ff6600;\">(Ritual del bautismo de ni\u00f1os,<\/span><\/p>\n","protected":false},"excerpt":{"rendered":"<p>REPASANDO \u00a0EL SACRAMENTO DEL BAUTISMO La Constituci\u00f3n del Vaticano II sobre la Liturgia en la Iglesia inici\u00f3 una reforma muy profunda de la liturgia de la iniciaci\u00f3n cristiana. Esta reforma tiene dos caracter\u00edsticas: la adaptaci\u00f3n real del ritual a la condici\u00f3n de los ni\u00f1os (anteriormente se usaba un resumen del ceremonial propio de los adultos), &hellip; <\/p>\n<p class=\"link-more\"><a href=\"http:\/\/parroquiadelcarmenarrecife.org\/?page_id=87\" class=\"more-link\">Continuar leyendo<span class=\"screen-reader-text\"> &#8220;REPASANDO EL SACRAMENTO DEL BAUTISMO&#8221;<\/span><\/a><\/p>\n","protected":false},"author":1,"featured_media":0,"parent":0,"menu_order":0,"comment_status":"closed","ping_status":"closed","template":"","meta":[],"_links":{"self":[{"href":"http:\/\/parroquiadelcarmenarrecife.org\/index.php?rest_route=\/wp\/v2\/pages\/87"}],"collection":[{"href":"http:\/\/parroquiadelcarmenarrecife.org\/index.php?rest_route=\/wp\/v2\/pages"}],"about":[{"href":"http:\/\/parroquiadelcarmenarrecife.org\/index.php?rest_route=\/wp\/v2\/types\/page"}],"author":[{"embeddable":true,"href":"http:\/\/parroquiadelcarmenarrecife.org\/index.php?rest_route=\/wp\/v2\/users\/1"}],"replies":[{"embeddable":true,"href":"http:\/\/parroquiadelcarmenarrecife.org\/index.php?rest_route=%2Fwp%2Fv2%2Fcomments&post=87"}],"version-history":[{"count":2,"href":"http:\/\/parroquiadelcarmenarrecife.org\/index.php?rest_route=\/wp\/v2\/pages\/87\/revisions"}],"predecessor-version":[{"id":90,"href":"http:\/\/parroquiadelcarmenarrecife.org\/index.php?rest_route=\/wp\/v2\/pages\/87\/revisions\/90"}],"wp:attachment":[{"href":"http:\/\/parroquiadelcarmenarrecife.org\/index.php?rest_route=%2Fwp%2Fv2%2Fmedia&parent=87"}],"curies":[{"name":"wp","href":"https:\/\/api.w.org\/{rel}","templated":true}]}}